{"id":1455,"date":"2021-12-24T07:28:32","date_gmt":"2021-12-24T13:28:32","guid":{"rendered":"https:\/\/www.cafedonbalbino.com\/web\/?page_id=1455"},"modified":"2025-10-28T15:22:12","modified_gmt":"2025-10-28T21:22:12","slug":"tiendas","status":"publish","type":"page","link":"https:\/\/www.cafedonbalbino.com\/web\/tiendas\/","title":{"rendered":"Tiendas"},"content":{"rendered":"\n<div class=\"wp-container-4 wp-block-columns\">\n<div class=\"wp-container-1 wp-block-column\">\n<figure class=\"wp-block-image size-large\"><img loading=\"lazy\" width=\"350\" height=\"376\" src=\"http:\/\/www.cafedonbalbino.com\/web\/wp-content\/uploads\/2021\/12\/ok-1.jpg\" alt=\"\" class=\"wp-image-1492\" srcset=\"https:\/\/www.cafedonbalbino.com\/web\/wp-content\/uploads\/2021\/12\/ok-1.jpg 350w, https:\/\/www.cafedonbalbino.com\/web\/wp-content\/uploads\/2021\/12\/ok-1-279x300.jpg 279w, https:\/\/www.cafedonbalbino.com\/web\/wp-content\/uploads\/2021\/12\/ok-1-300x322.jpg 300w\" sizes=\"(max-width: 350px) 100vw, 350px\" \/><\/figure>\n<\/div>\n\n\n\n<div class=\"wp-container-2 wp-block-column\">\n<figure class=\"wp-block-image size-large\"><a href=\"https:\/\/www.cafedonbalbino.com\/web\/cafeterias-y-restaurantes\/\"><img loading=\"lazy\" width=\"350\" height=\"376\" src=\"http:\/\/www.cafedonbalbino.com\/web\/wp-content\/uploads\/2021\/09\/res-2.jpg\" alt=\"\" class=\"wp-image-1363\" srcset=\"https:\/\/www.cafedonbalbino.com\/web\/wp-content\/uploads\/2021\/09\/res-2.jpg 350w, https:\/\/www.cafedonbalbino.com\/web\/wp-content\/uploads\/2021\/09\/res-2-279x300.jpg 279w, https:\/\/www.cafedonbalbino.com\/web\/wp-content\/uploads\/2021\/09\/res-2-300x322.jpg 300w\" sizes=\"(max-width: 350px) 100vw, 350px\" \/><\/a><figcaption><strong>CAFETERIAS Y RESTAURANTES<\/strong><\/figcaption><\/figure>\n<\/div>\n\n\n\n<div class=\"wp-container-3 wp-block-column\">\n<figure class=\"wp-block-image size-large\"><a href=\"https:\/\/www.cafedonbalbino.com\/web\/planta-y-oficinas-centrales\/\"><img loading=\"lazy\" width=\"350\" height=\"376\" src=\"http:\/\/www.cafedonbalbino.com\/web\/wp-content\/uploads\/2021\/09\/matriz-1.png\" alt=\"\" class=\"wp-image-1364\" srcset=\"https:\/\/www.cafedonbalbino.com\/web\/wp-content\/uploads\/2021\/09\/matriz-1.png 350w, https:\/\/www.cafedonbalbino.com\/web\/wp-content\/uploads\/2021\/09\/matriz-1-279x300.png 279w, https:\/\/www.cafedonbalbino.com\/web\/wp-content\/uploads\/2021\/09\/matriz-1-300x322.png 300w\" sizes=\"(max-width: 350px) 100vw, 350px\" \/><\/a><figcaption><strong>PLANTA Y OFICINAS CENTRALES<\/strong><\/figcaption><\/figure>\n<\/div>\n<\/div>\n\n\n\n<h2>Lista de Tiendas<\/h2>\n\n\n\n<figure class=\"wp-block-table is-style-stripes\"><table class=\"has-fixed-layout\"><tbody><tr><td class=\"has-text-align-center\" data-align=\"center\"><strong>PUNTO DE VENTA<\/strong><\/td><td class=\"has-text-align-center\" data-align=\"center\"><strong>DIRECCI\u00d3N<\/strong><\/td><td class=\"has-text-align-center\" data-align=\"center\"><strong>UBICACI\u00d3N<\/strong><\/td><\/tr><tr><td class=\"has-text-align-center\" data-align=\"center\">Abarrotes El Oasis- Talpa de Allende<\/td><td class=\"has-text-align-center\" data-align=\"center\">Independencia, Centro, Talpa de Allende<\/td><td class=\"has-text-align-center\" data-align=\"center\"><a href=\"https:\/\/goo.gl\/maps\/zvLbRQv7hMm4NrUt5\">Ver Mapa<\/a><\/td><\/tr><tr><td class=\"has-text-align-center\" data-align=\"center\">Frutitalpa- Talpa de Alllende<\/td><td class=\"has-text-align-center\" data-align=\"center\">Independencia 39, Centro, 48200 Talpa de Allende, Jal.<\/td><td class=\"has-text-align-center\" data-align=\"center\"><a href=\"https:\/\/www.google.com\/maps\/dir\/\/frutitalpa\/data=!4m6!4m5!1m1!4e2!1m2!1m1!1s0x84241cc038fdb89b:0xda4701219db61738?\">Ver Mapa<\/a><\/td><\/tr><tr><td class=\"has-text-align-center\" data-align=\"center\">H-E-B &#8211; Queretaro<\/td><td class=\"has-text-align-center\" data-align=\"center\">Anillo Vial Fray Jun\u00edpero Serra El Pozo Km. 6+900, Ex Hacienda, 76269 Santiago de Quer\u00e9taro, Qro.<\/td><td class=\"has-text-align-center\" data-align=\"center\"><a href=\"https:\/\/www.google.com\/maps\/dir\/\/heb+queretaro\/data=!4m6!4m5!1m1!4e2!1m2!1m1!1s0x85d35d293aafa07b:0x7a7351e11f7c3a2a?sa=X&amp;ved=2ahUKEwiKxYKFvqr1AhWOl2oFHaTwD_AQ9Rd6BAgzEAQ\">Ver Mapa<\/a><\/td><\/tr><tr><td class=\"has-text-align-center\" data-align=\"center\">H-E-B Chipinque- Monterrey<\/td><td class=\"has-text-align-center\" data-align=\"center\">Av. Manuel G\u00f3mez Mor\u00edn 300, Valle del Campestre, 66278 San Pedro Garza Garc\u00eda, N.L.<\/td><td class=\"has-text-align-center\" data-align=\"center\"><a href=\"https:\/\/www.google.com\/maps\/dir\/\/H-E-B+Chipinque-+Monterrey\/data=!4m6!4m5!1m1!4e2!1m2!1m1!1s0x8662bde7e58b4805:0xcc50cc4a04263099?\">Ver Mapa<\/a><\/td><\/tr><tr><td class=\"has-text-align-center\" data-align=\"center\">H-E-B Contry- Monterrey<\/td><td class=\"has-text-align-center\" data-align=\"center\">Av. Eugenio Garza Sada 4321, Contry, 64780 Monterrey, N.L.<\/td><td class=\"has-text-align-center\" data-align=\"center\"><a href=\"https:\/\/www.google.com\/maps\/dir\/\/H-E-B+Contry-+Monterrey\/data=!4m6!4m5!1m1!4e2!1m2!1m1!1s0x8662bf060c446447:0xfacdabf372954c90?sa=X&amp;ved=2ahUKEwjJreOmvqr1AhW0nGoFHeSYD1gQ9Rd6BAg7EAQ\">Ver Mapa<\/a><\/td><\/tr><tr><td class=\"has-text-align-center\" data-align=\"center\">H-E-B Cumbres- Monterrey<\/td><td class=\"has-text-align-center\" data-align=\"center\">Av Paseo de los Leones # 3399, Bosques de Las Cumbres, 64340 Monterrey, N.L.<\/td><td class=\"has-text-align-center\" data-align=\"center\"><a href=\"https:\/\/www.google.com\/maps\/dir\/\/H-E-B+Cumbres-+Monterrey\/data=!4m6!4m5!1m1!4e2!1m2!1m1!1s0x8662971c4ad032b7:0xd0da8051bfd3b8b3?sa=X&amp;ved=2ahUKEwjRsOqCv6r1AhXikWoFHUDHB6sQ9Rd6BAghEAQ\">Ver Mapa<\/a><\/td><\/tr><tr><td class=\"has-text-align-center\" data-align=\"center\">H-E-B San Nicolas- Monterrey<\/td><td class=\"has-text-align-center\" data-align=\"center\">Avenida Universidad Norte 101, An\u00e1huac, 66450 San Nicol\u00e1s de los Garza, N.L.<\/td><td class=\"has-text-align-center\" data-align=\"center\"><a href=\"https:\/\/www.google.com\/maps\/dir\/\/H-E-B+San+Nicolas-+Monterrey\/data=!4m6!4m5!1m1!4e2!1m2!1m1!1s0x866294f78c2849bf:0xd2ecf25d6037b049?\">Ver Mapa<\/a><\/td><\/tr><tr><td class=\"has-text-align-center\" data-align=\"center\">H-E-B Tec- Monterrey<\/td><td class=\"has-text-align-center\" data-align=\"center\">Av. Eugenio Garza Sada Sur 3431, Arroyo Seco, 66740 Monterrey, N.L.<\/td><td class=\"has-text-align-center\" data-align=\"center\"><a href=\"https:\/\/www.google.com\/maps\/dir\/\/H-E-B+tec+monterrey\/data=!4m6!4m5!1m1!4e2!1m2!1m1!1s0x8662bfbcd7023ff9:0xa76ff90ce0f8831f?\">Ver Mapa<\/a><\/td><\/tr><tr><td class=\"has-text-align-center\" data-align=\"center\">Rolleria El Guero Sanchez- Talpa de Allende<\/td><td class=\"has-text-align-center\" data-align=\"center\">Libertad 4A, San Miguel, 48200 Talpa de Allende, Jal.<\/td><td class=\"has-text-align-center\" data-align=\"center\"><a href=\"https:\/\/www.google.com\/maps\/dir\/20.3684474,-104.8337992\/rolleria+el+guero+sanchez\/@20.3700918,-104.8370729,15z\/data=!3m1!4b1!4m9!4m8!1m1!4e1!1m5!1m1!1s0x84241d42001fa6b3:0xffd8ea1f952c4334!2m2!1d-104.8216791!2d20.3801794\">Ver Mapa<\/a><\/td><\/tr><tr><td class=\"has-text-align-center\" data-align=\"center\">Rolleria El Milagro- Talpa de Allende<\/td><td class=\"has-text-align-center\" data-align=\"center\">Benito Juar\u00e9z #12, centro<\/td><td class=\"has-text-align-center\" data-align=\"center\"><a href=\"https:\/\/www.google.com.mx\/maps\/place\/Fabrica+de+Rollo+El+Milagro\/@20.3797576,-104.8236644,19z\/data=!4m13!1m7!3m6!1s0x84241cbfef612315:0xb7b221b2750708e7!2sBenito+Ju%C3%A1rez+5,+La+Palma,+48200+Talpa+de+Allende,+Jal.!3b1!8m2!3d20.3800191!4d-104.8228624!3m4!1s0x84241cbf9361f04f:0x2ff2c89ce18a118f!8m2!3d20.3798595!4d-104.8236916\">Ver Mapa<\/a><\/td><\/tr><tr><td class=\"has-text-align-center\" data-align=\"center\">Roller\u00eda \u00abTalpa\u00bb- Talpa de Allende<\/td><td class=\"has-text-align-center\" data-align=\"center\">Independencia, centro, Talpa de Allende<\/td><td class=\"has-text-align-center\" data-align=\"center\"><a href=\"https:\/\/www.google.com.mx\/maps\/place\/Fabrica+De+Rollo+De+Guayaba+%22Talpa%22\/@20.3805069,-104.8226612,19z\/data=!4m5!3m4!1s0x84241de099498bdd:0xad2d4b97ccb5049a!8m2!3d20.380267!4d-104.8227994\">Ver Mapa<\/a><\/td><\/tr><\/tbody><\/table><\/figure>\n\n\n\n<div class=\"wp-container-6 wp-block-columns\">\n<div class=\"wp-container-5 wp-block-column\" style=\"flex-basis:100%\"><\/div>\n<\/div>\n\n\n\n<div class=\"wp-container-9 wp-block-columns\">\n<div class=\"wp-container-7 wp-block-column\">\n<h2>Ubicaci\u00f3n de Tiendas <\/h2>\n<\/div>\n\n\n\n<div class=\"wp-container-8 wp-block-column\">\n<figure class=\"wp-block-image size-large is-resized\"><img loading=\"lazy\" src=\"http:\/\/www.cafedonbalbino.com\/web\/wp-content\/uploads\/2021\/09\/tienda-1.jpg\" alt=\"\" class=\"wp-image-1362\" width=\"200\" height=\"233\"\/><\/figure>\n<\/div>\n<\/div>\n\n\n<p><iframe loading=\"lazy\" src=\"https:\/\/www.google.com\/maps\/d\/embed?mid=19SNV8Fu5motaRMtd9I_iiO9frMko2D9M&amp;ehbc=2E312F\" width=\"1400\" height=\"480\"><\/iframe><\/p>\n","protected":false},"excerpt":{"rendered":"<p>Lista de Tiendas PUNTO DE VENTA DIRECCI\u00d3N UBICACI\u00d3N Abarrotes El Oasis- Talpa de Allende Independencia, Centro, Talpa de Allende Ver<\/p>\n","protected":false},"author":1,"featured_media":0,"parent":0,"menu_order":0,"comment_status":"closed","ping_status":"closed","template":"","meta":[],"_links":{"self":[{"href":"https:\/\/www.cafedonbalbino.com\/web\/wp-json\/wp\/v2\/pages\/1455"}],"collection":[{"href":"https:\/\/www.cafedonbalbino.com\/web\/wp-json\/wp\/v2\/pages"}],"about":[{"href":"https:\/\/www.cafedonbalbino.com\/web\/wp-json\/wp\/v2\/types\/page"}],"author":[{"embeddable":true,"href":"https:\/\/www.cafedonbalbino.com\/web\/wp-json\/wp\/v2\/users\/1"}],"replies":[{"embeddable":true,"href":"https:\/\/www.cafedonbalbino.com\/web\/wp-json\/wp\/v2\/comments?post=1455"}],"version-history":[{"count":20,"href":"https:\/\/www.cafedonbalbino.com\/web\/wp-json\/wp\/v2\/pages\/1455\/revisions"}],"predecessor-version":[{"id":1860,"href":"https:\/\/www.cafedonbalbino.com\/web\/wp-json\/wp\/v2\/pages\/1455\/revisions\/1860"}],"wp:attachment":[{"href":"https:\/\/www.cafedonbalbino.com\/web\/wp-json\/wp\/v2\/media?parent=1455"}],"curies":[{"name":"wp","href":"https:\/\/api.w.org\/{rel}","templated":true}]}}