{"id":1471,"date":"2021-12-24T07:58:44","date_gmt":"2021-12-24T13:58:44","guid":{"rendered":"https:\/\/www.cafedonbalbino.com\/web\/?page_id=1471"},"modified":"2025-10-28T17:39:19","modified_gmt":"2025-10-28T23:39:19","slug":"planta-y-oficinas-centrales","status":"publish","type":"page","link":"https:\/\/www.cafedonbalbino.com\/web\/planta-y-oficinas-centrales\/","title":{"rendered":"Planta y Oficinas Centrales"},"content":{"rendered":"\n<div class=\"wp-container-4 wp-block-columns\">\n<div class=\"wp-container-1 wp-block-column\">\n<figure class=\"wp-block-image size-large\"><a href=\"https:\/\/www.cafedonbalbino.com\/web\/tiendas\/\"><img loading=\"lazy\" width=\"350\" height=\"376\" src=\"http:\/\/www.cafedonbalbino.com\/web\/wp-content\/uploads\/2021\/09\/tienda-1.jpg\" alt=\"\" class=\"wp-image-1362\" srcset=\"https:\/\/www.cafedonbalbino.com\/web\/wp-content\/uploads\/2021\/09\/tienda-1.jpg 350w, https:\/\/www.cafedonbalbino.com\/web\/wp-content\/uploads\/2021\/09\/tienda-1-279x300.jpg 279w, https:\/\/www.cafedonbalbino.com\/web\/wp-content\/uploads\/2021\/09\/tienda-1-300x322.jpg 300w\" sizes=\"(max-width: 350px) 100vw, 350px\" \/><\/a><figcaption><strong><a href=\"https:\/\/www.cafedonbalbino.com\/web\/tiendas\/\">TIENDAS<\/a><\/strong><\/figcaption><\/figure>\n<\/div>\n\n\n\n<div class=\"wp-container-2 wp-block-column\">\n<figure class=\"wp-block-image size-large\"><a href=\"https:\/\/www.cafedonbalbino.com\/web\/cafeterias-y-restaurantes\/\"><img loading=\"lazy\" width=\"350\" height=\"376\" src=\"http:\/\/www.cafedonbalbino.com\/web\/wp-content\/uploads\/2021\/09\/res-2.jpg\" alt=\"\" class=\"wp-image-1363\" srcset=\"https:\/\/www.cafedonbalbino.com\/web\/wp-content\/uploads\/2021\/09\/res-2.jpg 350w, https:\/\/www.cafedonbalbino.com\/web\/wp-content\/uploads\/2021\/09\/res-2-279x300.jpg 279w, https:\/\/www.cafedonbalbino.com\/web\/wp-content\/uploads\/2021\/09\/res-2-300x322.jpg 300w\" sizes=\"(max-width: 350px) 100vw, 350px\" \/><\/a><figcaption><strong><a href=\"https:\/\/www.cafedonbalbino.com\/web\/planta-y-oficinas-centrales\/\">PLANTA Y OFICINAS CENTRALES<\/a><\/strong><\/figcaption><\/figure>\n<\/div>\n\n\n\n<div class=\"wp-container-3 wp-block-column\">\n<figure class=\"wp-block-image size-large\"><img loading=\"lazy\" width=\"350\" height=\"376\" src=\"http:\/\/www.cafedonbalbino.com\/web\/wp-content\/uploads\/2021\/12\/ok-1.jpg\" alt=\"\" class=\"wp-image-1492\" srcset=\"https:\/\/www.cafedonbalbino.com\/web\/wp-content\/uploads\/2021\/12\/ok-1.jpg 350w, https:\/\/www.cafedonbalbino.com\/web\/wp-content\/uploads\/2021\/12\/ok-1-279x300.jpg 279w, https:\/\/www.cafedonbalbino.com\/web\/wp-content\/uploads\/2021\/12\/ok-1-300x322.jpg 300w\" sizes=\"(max-width: 350px) 100vw, 350px\" \/><\/figure>\n<\/div>\n<\/div>\n\n\n\n<h2>Lista de Plantas y Oficinas Centrales <\/h2>\n\n\n\n<figure class=\"wp-block-table is-style-stripes\"><table><tbody><tr><td><strong>OFICINA<\/strong><\/td><td><strong>DIRECCI\u00d3N<\/strong><\/td><td><strong>TELEFONO<\/strong><\/td><td><strong>UBICACI\u00d3N<\/strong><\/td><td><\/td><\/tr><tr><td><strong>Catedral del Caf\u00e9- Talpa de Allende<\/strong><\/td><td>Medrano #6, Talpa de Allende, Jalisco, CP 48200<\/td><td>388-385-0035<\/td><td><a href=\"https:\/\/goo.gl\/maps\/56kUfXnMPU2Dqzcu8\">Ver Mapa<\/a><\/td><td><\/td><\/tr><tr><td><strong>Oficinas Corporativas Zapopan<\/strong><\/td><td>Av. Ludwig Van Beethoven 5528, Int. 301, La Estancia, CP 45030, Zapopan, Jalisco. Con un horario de atenci\u00f3n de 8 am a 2 pm.<\/td><td>33 2263 7165<\/td><td><a href=\"https:\/\/goo.gl\/maps\/k5q5PQHLSVfL9cDN7\">Ver Mapa<\/a><\/td><td><\/td><\/tr><\/tbody><\/table><\/figure>\n\n\n\n<div class=\"wp-container-7 wp-block-columns\">\n<div class=\"wp-container-5 wp-block-column\">\n<h2>Ubicaci\u00f3n de Planta y Oficinas Centrales<\/h2>\n<\/div>\n\n\n\n<div class=\"wp-container-6 wp-block-column\">\n<figure class=\"wp-block-image size-large is-resized\"><img loading=\"lazy\" src=\"http:\/\/www.cafedonbalbino.com\/web\/wp-content\/uploads\/2021\/09\/matriz-1.png\" alt=\"\" class=\"wp-image-1364\" width=\"200\" height=\"215\" srcset=\"https:\/\/www.cafedonbalbino.com\/web\/wp-content\/uploads\/2021\/09\/matriz-1.png 350w, https:\/\/www.cafedonbalbino.com\/web\/wp-content\/uploads\/2021\/09\/matriz-1-279x300.png 279w, https:\/\/www.cafedonbalbino.com\/web\/wp-content\/uploads\/2021\/09\/matriz-1-300x322.png 300w\" sizes=\"(max-width: 200px) 100vw, 200px\" \/><\/figure>\n<\/div>\n<\/div>\n\n\n<p><iframe loading=\"lazy\" src=\"https:\/\/www.google.com\/maps\/d\/embed?mid=1u9FDeCWNfm9jGFF2ytQ4Omb-CnXvKRP0&amp;ehbc=2E312F\" width=\"1400\" height=\"480\"><\/iframe><\/p>\n","protected":false},"excerpt":{"rendered":"<p>Lista de Plantas y Oficinas Centrales OFICINA DIRECCI\u00d3N TELEFONO UBICACI\u00d3N Catedral del Caf\u00e9- Talpa de Allende Medrano #6, Talpa de<\/p>\n","protected":false},"author":1,"featured_media":0,"parent":0,"menu_order":0,"comment_status":"closed","ping_status":"closed","template":"","meta":[],"_links":{"self":[{"href":"https:\/\/www.cafedonbalbino.com\/web\/wp-json\/wp\/v2\/pages\/1471"}],"collection":[{"href":"https:\/\/www.cafedonbalbino.com\/web\/wp-json\/wp\/v2\/pages"}],"about":[{"href":"https:\/\/www.cafedonbalbino.com\/web\/wp-json\/wp\/v2\/types\/page"}],"author":[{"embeddable":true,"href":"https:\/\/www.cafedonbalbino.com\/web\/wp-json\/wp\/v2\/users\/1"}],"replies":[{"embeddable":true,"href":"https:\/\/www.cafedonbalbino.com\/web\/wp-json\/wp\/v2\/comments?post=1471"}],"version-history":[{"count":9,"href":"https:\/\/www.cafedonbalbino.com\/web\/wp-json\/wp\/v2\/pages\/1471\/revisions"}],"predecessor-version":[{"id":1863,"href":"https:\/\/www.cafedonbalbino.com\/web\/wp-json\/wp\/v2\/pages\/1471\/revisions\/1863"}],"wp:attachment":[{"href":"https:\/\/www.cafedonbalbino.com\/web\/wp-json\/wp\/v2\/media?parent=1471"}],"curies":[{"name":"wp","href":"https:\/\/api.w.org\/{rel}","templated":true}]}}