{"id":3,"date":"2020-01-21T20:49:30","date_gmt":"2020-01-21T20:49:30","guid":{"rendered":"https:\/\/www.cafedonbalbino.com\/web\/?page_id=3"},"modified":"2020-07-06T16:58:21","modified_gmt":"2020-07-06T16:58:21","slug":"aviso-de-privacidad","status":"publish","type":"page","link":"https:\/\/www.cafedonbalbino.com\/web\/aviso-de-privacidad\/","title":{"rendered":"Aviso de Privacidad"},"content":{"rendered":"<p>[vc_row el_class=\u00bbmax1000&#8243; css=\u00bb.vc_custom_1582741622896{padding-bottom: 40px !important;}\u00bb mobile_bg_img_hidden=\u00bbno\u00bb tablet_bg_img_hidden=\u00bbno\u00bb woodmart_parallax=\u00bb0&#8243; woodmart_gradient_switch=\u00bbno\u00bb row_reverse_mobile=\u00bb0&#8243; row_reverse_tablet=\u00bb0&#8243; woodmart_disable_overflow=\u00bb0&#8243;][vc_column width=\u00bb1\/5&#8243;][\/vc_column][vc_column width=\u00bb3\/5&#8243;][vc_column_text text_larger=\u00bbno\u00bb]<\/p>\n<p class=\"texto01\" title=\"\" data-original-title=\"\">Caf\u00e9 Don Balbino S.C. de R.L. de C.V., con domicilio en Medrano 6-B, Talpa de Allende Jalisco, M\u00e9xico C.P. 48200, es el responsable del uso y protecci\u00f3n de sus datos personales, y al respecto le informamos lo siguiente:<\/p>\n<h2 class=\"texto01\">\u00bfPara qu\u00e9 fines utilizaremos sus datos personales?<\/h2>\n<p class=\"texto01\" title=\"\" data-original-title=\"\">Los datos personales que recabamos de usted, los utilizaremos para las siguientes finalidades que son necesarias para el servicio que solicita:<\/p>\n<ul>\n<li class=\"texto01\">Solicitar informaci\u00f3n sobre nuestros productos o servicios.<\/li>\n<li>Dejar un comentario en los art\u00edculos publicados en este sitio web.<\/li>\n<\/ul>\n<p class=\"texto01\" title=\"\" data-original-title=\"\">De manera adicional, utilizaremos su informaci\u00f3n personal para las siguientes finalidades que no son necesarias para el servicio solicitado, pero que nos permiten y facilitan brindarle una mejor atenci\u00f3n:<\/p>\n<ul>\n<li class=\"texto01\">Env\u00edo de informaci\u00f3n relevante sobre nuestros productos o servicios.<\/li>\n<\/ul>\n<p class=\"texto01\" title=\"\" data-original-title=\"\">En caso de que no desee que sus datos personales sean tratados para estos fines adicionales, desde este momento usted nos puede comunicar lo anterior, enviando un correo electr\u00f3nico a la siguiente direcci\u00f3n ventas@cafedonbalbino.com.<\/p>\n<p class=\"texto01\" title=\"\" data-original-title=\"\">La negativa para el uso de sus datos personales para estas finalidades no podr\u00e1 ser un motivo para que le neguemos los servicios y productos que solicita o contrata con nosotros.<\/p>\n<h2 class=\"texto01\">\u00bfQu\u00e9 datos personales utilizaremos para estos fines?<\/h2>\n<p class=\"texto01\" title=\"\" data-original-title=\"\">Para llevar a cabo las finalidades descritas en el presente aviso de privacidad, utilizaremos los siguientes datos personales: Nombre, Tel\u00e9fono, E-mail.<\/p>\n<h3 class=\"texto01\">\u00bfCon qui\u00e9n compartimos su informaci\u00f3n personal y para qu\u00e9 fines?<\/h3>\n<p class=\"texto01\" title=\"\" data-original-title=\"\">Le informamos que sus datos personales son compartidos \u00fanica y exclusivamente por personal de Caf\u00e9 Don Balbino S.C. de R.L. de C.V. para la entrega de cotizaciones, asesor\u00edas sobre nuestros productos o servicios y para la promoci\u00f3n exclusiva de Caf\u00e9 Don Balbino S.C. de R.L. de C.V.<\/p>\n<h3 class=\"texto01\">\u00bfC\u00f3mo puede acceder, rectificar o cancelar sus datos personales, u oponerse a su uso?<\/h3>\n<p class=\"texto01\" title=\"\" data-original-title=\"\">Usted tiene derecho a conocer qu\u00e9 datos personales tenemos de usted, para qu\u00e9 los utilizamos y las condiciones del uso que les damos (Acceso). Asimismo, es su derecho solicitar la correcci\u00f3n de su informaci\u00f3n personal en caso de que est\u00e9 desactualizada, sea inexacta o incompleta (Rectificaci\u00f3n); que la eliminemos de nuestros registros o bases de datos cuando considere que la misma no est\u00e1 siendo utilizada conforme a los principios, deberes y obligaciones previstas en la normativa (Cancelaci\u00f3n); as\u00ed como oponerse al uso de sus datos personales para fines espec\u00edficos (Oposici\u00f3n). Estos derechos se conocen como derechos ARCO.<\/p>\n<p class=\"texto01\" title=\"\" data-original-title=\"\">Para el ejercicio de cualquiera de los derechos ARCO, usted deber\u00e1 presentar la solicitud respectiva al siguiente correo electr\u00f3nico ventas@cafedonbalbino.com.<\/p>\n<h3 class=\"texto01\">\u00bfC\u00f3mo puede revocar su consentimiento para el uso de sus datos personales?<\/h3>\n<p class=\"texto01\" title=\"\" data-original-title=\"\">Usted puede revocar el consentimiento que, en su caso, nos haya otorgado para el tratamiento de sus datos personales. Sin embargo, es importante que tenga en cuenta que no en todos los casos podremos atender su solicitud o concluir el uso de forma inmediata, ya que es posible que por alguna obligaci\u00f3n legal requiramos seguir tratando sus datos personales. Asimismo, usted deber\u00e1 considerar que para ciertos fines, la revocaci\u00f3n de su consentimiento implicar\u00e1 que no le podamos seguir prestando el servicio que nos solicit\u00f3, o la conclusi\u00f3n de su relaci\u00f3n con nosotros.<\/p>\n<p class=\"texto01\" title=\"\" data-original-title=\"\">Para revocar su consentimiento deber\u00e1 presentar su solicitud al siguiente correo electr\u00f3nico ventas@cafedonbalbino.com<\/p>\n<h3 class=\"texto01\">\u00bfC\u00f3mo puede limitar el uso o divulgaci\u00f3n de su informaci\u00f3n personal?<\/h3>\n<p class=\"texto01\" title=\"\" data-original-title=\"\">Con objeto de que usted pueda limitar el uso y divulgaci\u00f3n de su informaci\u00f3n personal, le ofrecemos los siguientes medios:<\/p>\n<ul>\n<li class=\"texto01\">Su inscripci\u00f3n en el Registro P\u00fablico para Evitar Publicidad, que est\u00e1 a cargo de la Procuradur\u00eda Federal del Consumidor, con la finalidad de que sus datos personales no sean utilizados para recibir publicidad o promociones de empresas de bienes o servicios. Para mayor informaci\u00f3n sobre este registro, usted puede consultar el portal de Internet de la PROFECO, o bien ponerse en contacto directo con \u00e9sta.<\/li>\n<\/ul>\n<h3 class=\"texto01\">El uso de tecnolog\u00edas de rastreo en nuestro portal de Internet<\/h3>\n<p class=\"texto01\" title=\"\" data-original-title=\"\">Le informamos que en nuestra p\u00e1gina de Internet utilizamos <em>cookies<\/em>, <em>web beacons<\/em> y otras tecnolog\u00edas a trav\u00e9s de las cuales es posible monitorear su comportamiento como usuario de Internet, as\u00ed como brindarle un mejor servicio y experiencia de usuario al navegar en nuestra p\u00e1gina.<\/p>\n<h3 class=\"texto01\">\u00bfC\u00f3mo puede conocer los cambios a este aviso de privacidad?<\/h3>\n<p class=\"texto01\" title=\"\" data-original-title=\"\">El presente aviso de privacidad puede sufrir modificaciones, cambios o actualizaciones derivadas de nuevos requerimientos legales; de nuestras propias necesidades por los productos o servicios que ofrecemos; de nuestras pr\u00e1cticas de privacidad; de cambios en nuestro modelo de negocio, o por otras causas.<\/p>\n<p class=\"texto01\" title=\"\" data-original-title=\"\">Nos comprometemos a mantenerlo informado sobre los cambios que pueda sufrir el presente aviso de privacidad, a trav\u00e9s de esta misma direcci\u00f3n web.<\/p>\n<p class=\"texto01\" title=\"\" data-original-title=\"\">El procedimiento a trav\u00e9s del cual se llevar\u00e1n a cabo las notificaciones sobre cambios o actualizaciones al presente aviso de privacidad es el siguiente: Se presentaran en la siguiente direcci\u00f3n web https:\/\/www.cafedonbalbino.com\/web\/aviso-de-privacidad\/.<\/p>\n<p title=\"\" align=\"right\" data-original-title=\"\"><span class=\"texto01\">\u00daltima actualizaci\u00f3n <strong title=\"\" data-original-title=\"\">26\/02\/2020<\/strong><\/span><strong title=\"\" data-original-title=\"\">.<\/strong><\/p>\n<p>[\/vc_column_text][\/vc_column][vc_column width=\u00bb1\/5&#8243;][\/vc_column][\/vc_row]<\/p>\n","protected":false},"excerpt":{"rendered":"<p>[vc_row el_class=\u00bbmax1000&#8243; css=\u00bb.vc_custom_1582741622896{padding-bottom: 40px !important;}\u00bb mobile_bg_img_hidden=\u00bbno\u00bb tablet_bg_img_hidden=\u00bbno\u00bb woodmart_parallax=\u00bb0&#8243; woodmart_gradient_switch=\u00bbno\u00bb row_reverse_mobile=\u00bb0&#8243; row_reverse_tablet=\u00bb0&#8243; woodmart_disable_overflow=\u00bb0&#8243;][vc_column width=\u00bb1\/5&#8243;][\/vc_column][vc_column width=\u00bb3\/5&#8243;][vc_column_text text_larger=\u00bbno\u00bb] Caf\u00e9 Don Balbino S.C. de<\/p>\n","protected":false},"author":1,"featured_media":0,"parent":0,"menu_order":0,"comment_status":"closed","ping_status":"closed","template":"","meta":[],"_links":{"self":[{"href":"https:\/\/www.cafedonbalbino.com\/web\/wp-json\/wp\/v2\/pages\/3"}],"collection":[{"href":"https:\/\/www.cafedonbalbino.com\/web\/wp-json\/wp\/v2\/pages"}],"about":[{"href":"https:\/\/www.cafedonbalbino.com\/web\/wp-json\/wp\/v2\/types\/page"}],"author":[{"embeddable":true,"href":"https:\/\/www.cafedonbalbino.com\/web\/wp-json\/wp\/v2\/users\/1"}],"replies":[{"embeddable":true,"href":"https:\/\/www.cafedonbalbino.com\/web\/wp-json\/wp\/v2\/comments?post=3"}],"version-history":[{"count":11,"href":"https:\/\/www.cafedonbalbino.com\/web\/wp-json\/wp\/v2\/pages\/3\/revisions"}],"predecessor-version":[{"id":849,"href":"https:\/\/www.cafedonbalbino.com\/web\/wp-json\/wp\/v2\/pages\/3\/revisions\/849"}],"wp:attachment":[{"href":"https:\/\/www.cafedonbalbino.com\/web\/wp-json\/wp\/v2\/media?parent=3"}],"curies":[{"name":"wp","href":"https:\/\/api.w.org\/{rel}","templated":true}]}}