{"id":1888,"date":"2026-05-05T23:41:32","date_gmt":"2026-05-06T05:41:32","guid":{"rendered":"https:\/\/www.cafedonbalbino.com\/web\/?post_type=product&#038;p=1888"},"modified":"2026-05-05T23:45:58","modified_gmt":"2026-05-06T05:45:58","slug":"cafe-edicion-especial-dia-de-las-madres","status":"publish","type":"product","link":"https:\/\/www.cafedonbalbino.com\/web\/tienda\/cafe-edicion-especial-dia-de-las-madres\/","title":{"rendered":"Caf\u00e9 Edici\u00f3n Especial D\u00eda De Las Madres"},"content":{"rendered":"<p><strong>En Caf\u00e9 Don Balbino consentimos a mam\u00e1 \u2615<\/strong><\/p>\n<p>Este D\u00eda de las Madres regala algo especial: caf\u00e9 de calidad, hecho con dedicaci\u00f3n desde el origen \ud83c\udf3f<\/p>\n","protected":false},"excerpt":{"rendered":"<p>En Caf\u00e9 Don Balbino consentimos a mam\u00e1 \u2615 Este D\u00eda de las Madres regala algo especial: caf\u00e9 de calidad, hecho<\/p>\n","protected":false},"featured_media":1894,"template":"","meta":[],"_links":{"self":[{"href":"https:\/\/www.cafedonbalbino.com\/web\/wp-json\/wp\/v2\/product\/1888"}],"collection":[{"href":"https:\/\/www.cafedonbalbino.com\/web\/wp-json\/wp\/v2\/product"}],"about":[{"href":"https:\/\/www.cafedonbalbino.com\/web\/wp-json\/wp\/v2\/types\/product"}],"wp:featuredmedia":[{"embeddable":true,"href":"https:\/\/www.cafedonbalbino.com\/web\/wp-json\/wp\/v2\/media\/1894"}],"wp:attachment":[{"href":"https:\/\/www.cafedonbalbino.com\/web\/wp-json\/wp\/v2\/media?parent=1888"}],"curies":[{"name":"wp","href":"https:\/\/api.w.org\/{rel}","templated":true}]}}