{"id":611,"date":"2020-03-26T18:10:47","date_gmt":"2020-03-26T18:10:47","guid":{"rendered":"https:\/\/www.cafedonbalbino.com\/web\/?post_type=product&#038;p=611"},"modified":"2026-01-26T17:33:28","modified_gmt":"2026-01-26T23:33:28","slug":"cold-brew","status":"publish","type":"product","link":"https:\/\/www.cafedonbalbino.com\/web\/tienda\/cold-brew\/","title":{"rendered":"Cold Brew"},"content":{"rendered":"<h3 class=\"coldbrewprod\">Excepcional extracto de caf\u00e9 en fr\u00edo<\/h3>\n<p>Fuerte y con cuerpo, lleno de matices y sabores intensos.<\/p>\n<p>Resultado de un proceso de m\u00e1s de 18 horas de extracci\u00f3n, el Cold Brew Don Balbino es la perfecta opci\u00f3n para disfrutar de un caf\u00e9 refrescante que supera las expectativas de sabor y aroma de los paladares m\u00e1s exigentes.<\/p>\n<p>Preparar bebidas fr\u00edas a base de este extracto ser\u00e1 la mejor experiencia.<\/p>\n<p>&nbsp;<\/p>\n","protected":false},"excerpt":{"rendered":"<p>Excepcional extracto de caf\u00e9 en fr\u00edo Fuerte y con cuerpo, lleno de matices y sabores intensos. Resultado de un proceso<\/p>\n","protected":false},"featured_media":612,"template":"","meta":[],"_links":{"self":[{"href":"https:\/\/www.cafedonbalbino.com\/web\/wp-json\/wp\/v2\/product\/611"}],"collection":[{"href":"https:\/\/www.cafedonbalbino.com\/web\/wp-json\/wp\/v2\/product"}],"about":[{"href":"https:\/\/www.cafedonbalbino.com\/web\/wp-json\/wp\/v2\/types\/product"}],"wp:featuredmedia":[{"embeddable":true,"href":"https:\/\/www.cafedonbalbino.com\/web\/wp-json\/wp\/v2\/media\/612"}],"wp:attachment":[{"href":"https:\/\/www.cafedonbalbino.com\/web\/wp-json\/wp\/v2\/media?parent=611"}],"curies":[{"name":"wp","href":"https:\/\/api.w.org\/{rel}","templated":true}]}}