{"id":621,"date":"2020-03-26T19:52:37","date_gmt":"2020-03-26T19:52:37","guid":{"rendered":"https:\/\/www.cafedonbalbino.com\/web\/?post_type=product&#038;p=621"},"modified":"2026-04-29T22:55:13","modified_gmt":"2026-04-30T04:55:13","slug":"cafe-de-especialidad","status":"publish","type":"product","link":"https:\/\/www.cafedonbalbino.com\/web\/tienda\/cafe-de-especialidad\/","title":{"rendered":"Caf\u00e9 de Especialidad"},"content":{"rendered":"<h3 class=\"especialidad\">Caf\u00e9 de Especialidad<\/h3>\n<ul class=\"especialidad\">\n<li>Estrictamente altura (cultivado entre 1,200 y 1,600 metros sobre el nivel del mar).<\/li>\n<li>Cuenta con una doble selecci\u00f3n artesanal, grano a grano, adicional a la selecci\u00f3n mec\u00e1nica por peso y tama\u00f1o.<\/li>\n<li>Caf\u00e9 libre de defectos.<\/li>\n<li>Su tueste medio acent\u00faa sus deliciosas notas a chocolate y avellana, y le da un perfecto balance de acidez y aroma.<\/li>\n<\/ul>\n","protected":false},"excerpt":{"rendered":"<p>Caf\u00e9 de Especialidad Estrictamente altura (cultivado entre 1,200 y 1,600 metros sobre el nivel del mar). Cuenta con una doble<\/p>\n","protected":false},"featured_media":1302,"template":"","meta":[],"_links":{"self":[{"href":"https:\/\/www.cafedonbalbino.com\/web\/wp-json\/wp\/v2\/product\/621"}],"collection":[{"href":"https:\/\/www.cafedonbalbino.com\/web\/wp-json\/wp\/v2\/product"}],"about":[{"href":"https:\/\/www.cafedonbalbino.com\/web\/wp-json\/wp\/v2\/types\/product"}],"wp:featuredmedia":[{"embeddable":true,"href":"https:\/\/www.cafedonbalbino.com\/web\/wp-json\/wp\/v2\/media\/1302"}],"wp:attachment":[{"href":"https:\/\/www.cafedonbalbino.com\/web\/wp-json\/wp\/v2\/media?parent=621"}],"curies":[{"name":"wp","href":"https:\/\/api.w.org\/{rel}","templated":true}]}}